{"id":7111,"date":"2022-01-19T12:25:32","date_gmt":"2022-01-19T12:25:32","guid":{"rendered":"https:\/\/rise-pfi.no\/?page_id=7111"},"modified":"2022-01-23T15:42:37","modified_gmt":"2022-01-23T15:42:37","slug":"privacy-policy-2","status":"publish","type":"page","link":"https:\/\/rise-pfi.no\/en\/privacy-policy-2\/","title":{"rendered":"Privacy  Policy"},"content":{"rendered":"\n[et_pb_section fb_built=&#8221;1&#8243; _builder_version=&#8221;3.22&#8243; global_colors_info=&#8221;{}&#8221;][et_pb_row _builder_version=&#8221;3.25&#8243; background_size=&#8221;initial&#8221; background_position=&#8221;top_left&#8221; background_repeat=&#8221;repeat&#8221; global_colors_info=&#8221;{}&#8221;][et_pb_column type=&#8221;4_4&#8243; _builder_version=&#8221;3.25&#8243; custom_padding=&#8221;|||&#8221; global_colors_info=&#8221;{}&#8221; custom_padding__hover=&#8221;|||&#8221;][et_pb_text _builder_version=&#8221;4.14.6&#8243; background_size=&#8221;initial&#8221; background_position=&#8221;top_left&#8221; background_repeat=&#8221;repeat&#8221; hover_enabled=&#8221;0&#8243; global_colors_info=&#8221;{}&#8221; sticky_enabled=&#8221;0&#8243;]<p><!-- divi:heading --><\/p>\n<h4><strong>Who are we:<\/strong><\/h4>\n<p>Our website address is: https:\/\/www.rise-pfi.no<\/p>\n<p>&nbsp;<\/p>\n<h4><strong>HTTPS and secure transmission:<\/strong><\/h4>\n<p>Our website uses HTTPS encryption. If you want to make sure that a page is encrypted, it will say &#8220;https&#8221; instead of just &#8220;http&#8221; in the browser&#8217;s address bar. Most browsers will also display a padlock. The purpose of encryption is to ensure secure data communication between server (our website) and client (your computer). This includes a digital certificate that will prove that the site and its sender are genuine.<\/p>\n<p><span>\u00a0<\/span><\/p>\n<h4><strong>Our website uses cookies:<\/strong><\/h4>\n<p>Cookies are small text files that are used to store small pieces of information. They are stored on your device when the website is loaded on your browser. These cookies help us make the website function properly, make it more secure, provide better user experience, and understand how the website performs and to analyze what works and where it needs improvement.<\/p>\n<p>&nbsp;<\/p>\n<h4><span><strong>How do we use cookies ?<\/strong><\/span><\/h4>\n<p>As most of the online services, our website uses first-party cookies for several purposes. First-party cookies are mostly necessary for the website to function the right way, and they do not collect any of your personally identifiable data.<\/p>\n<p>&nbsp;<\/p>\n<h4><span><strong>What types of cookies do we use ?<\/strong><\/span><\/h4>\n<p><strong>Essential:<\/strong> Some cookies are essential for you to be able to experience the full functionality of our site. They allow us to maintain user sessions and prevent any security threats. They do not collect or store any personal information.<\/p>\n<p><a href=\"http:\/\/www.allaboutcookies.org\/\"><\/a><\/p>\n<p>&nbsp;<\/p>\n<p>&nbsp;<\/p>\n<p>&nbsp;<\/p>\n<p>&nbsp;<\/p>\n<p>&nbsp;<\/p>\n<p><!-- \/divi:paragraph --><\/p>[\/et_pb_text][\/et_pb_column][\/et_pb_row][\/et_pb_section]\n","protected":false},"excerpt":{"rendered":"<p>Who are we: Our website address is: https:\/\/www.rise-pfi.no &nbsp; HTTPS and secure transmission: Our website uses HTTPS encryption. If you want to make sure that a page is encrypted, it will say &#8220;https&#8221; instead of just &#8220;http&#8221; in the browser&#8217;s address bar. Most browsers will also display a padlock. The purpose of encryption is to [&hellip;]<\/p>\n","protected":false},"author":1,"featured_media":0,"parent":0,"menu_order":0,"comment_status":"closed","ping_status":"closed","template":"","meta":{"_et_pb_use_builder":"on","_et_pb_old_content":"<!-- wp:heading -->\n<h2>Hvem vi er<\/h2>\n<!-- \/wp:heading -->\n\n<!-- wp:paragraph -->\n<p><strong class=\"privacy-policy-tutorial\">Foresl\u00e5tt tekst: <\/strong>V\u00e5r nettstedsadresse er: https:\/\/rise-pfi.no<\/p>\n<!-- \/wp:paragraph -->\n\n<!-- wp:heading -->\n<h2>Kommentarer<\/h2>\n<!-- \/wp:heading -->\n\n<!-- wp:paragraph -->\n<p><strong class=\"privacy-policy-tutorial\">Foresl\u00e5tt tekst: <\/strong>N\u00e5r bes\u00f8kende legger inn kommentarer p\u00e5 siden, lagres informasjonen gitt inn i kommentarskjemaet i tillegg til IP-adressen til den bes\u00f8kende og den bes\u00f8kendes nettleserversjon. Dette gj\u00f8res for \u00e5 bidra til \u00e5 unng\u00e5 useri\u00f8se kommentarer.<\/p>\n<!-- \/wp:paragraph -->\n\n<!-- wp:paragraph -->\n<p>En anonym tekststreng generert p\u00e5 grunnlag av e-postadressen din (ogs\u00e5 kalt en \u00abhash\u00bb) kan bli sendt til tjenesten Gravatar for \u00e5 unders\u00f8ke om du har en konto der. Personvernerkl\u00e6ringen til Gravatar ligger her: https:\/\/automattic.com\/privacy\/. Etter at kommentaren din er blitt godkjent, vil profilbildet ditt v\u00e6re synlig for hvem som helst i forbindelse med kommentaren din.<\/p>\n<!-- \/wp:paragraph -->\n\n<!-- wp:heading -->\n<h2>Media<\/h2>\n<!-- \/wp:heading -->\n\n<!-- wp:paragraph -->\n<p><strong class=\"privacy-policy-tutorial\">Foresl\u00e5tt tekst: <\/strong>Hvis du laster opp bilder til nettstedet, b\u00f8r du unng\u00e5 \u00e5 laste opp bilder som inneholder informasjon om stedet det er tatt (EXIF GPS). Bes\u00f8kende p\u00e5 siden kan laste ned og hente ut slik informasjon fra bilder p\u00e5 siden.<\/p>\n<!-- \/wp:paragraph -->\n\n<!-- wp:heading -->\n<h2>Informasjonskapsler<\/h2>\n<!-- \/wp:heading -->\n\n<!-- wp:paragraph -->\n<p><strong class=\"privacy-policy-tutorial\">Foresl\u00e5tt tekst: <\/strong>Hvis du legger inn en kommentar p\u00e5 dette nettstedet, kan du be oss om \u00e5 huske navn, e-post og nettsted. Denne informasjonen lagres i en informasjonskapsel og er der for \u00e5 gj\u00f8re ting lettere for deg. Du trenger da ikke \u00e5 gi inn denne informasjonen p\u00e5 nytt neste gang du legger inn en kommentar. Disse informasjonskapslene utl\u00f8per etter ett \u00e5r.<\/p>\n<!-- \/wp:paragraph -->\n\n<!-- wp:paragraph -->\n<p>Om du bes\u00f8ker v\u00e5r innloggingsside, vil vi opprette en midlertidig informasjonskapsel for \u00e5 avgj\u00f8re om nettleseren din aksepterer informasjonskapsler. Denne informasjonskapselen inneholder ingen personopplysninger og forsvinner s\u00e5 snart du lukker nettleseren din.<\/p>\n<!-- \/wp:paragraph -->\n\n<!-- wp:paragraph -->\n<p>N\u00e5r du logger deg inn, blir det opprettet informasjonskapsler som lagrer innloggingsinformasjonen din og valg du har tatt n\u00e5r det gjelder hvordan innhold skal vises. Informasjonskapsler med innloggingsinformasjon utl\u00f8per etter to dager, mens de med visningsvalg varer i ett \u00e5r. Hvis du krysser av for &amp;lauot;Husk meg\u00bbt;, vil innloggingsinformasjonen din oppbevares i to uker. Hvis du logger deg ut av kontoen din, vil disse informasjonskapslene forsvinne.<\/p>\n<!-- \/wp:paragraph -->\n\n<!-- wp:paragraph -->\n<p>Hvis du redigerer eller publiserer en artikkel, vil ytterligere en informasjonskapsel bli lagret i nettleseren din. Denne informasjonskapselen inneholder ingen personopplysninger, men bare ID-en til artikkelen du nettopp redigerte. Den utl\u00f8per etter \u00e9n dag.<\/p>\n<!-- \/wp:paragraph -->\n\n<!-- wp:heading -->\n<h2>Innebygd innhold fra andre nettsteder<\/h2>\n<!-- \/wp:heading -->\n\n<!-- wp:paragraph -->\n<p><strong class=\"privacy-policy-tutorial\">Foresl\u00e5tt tekst: <\/strong>Artikler p\u00e5 denne siden kan inkludere innebygd innhold (f.eks. videoer, bilder, artikler osv.). Innebygd innhold fra andre nettsteder oppf\u00f8rer seg p\u00e5 n\u00f8yaktig samme m\u00e5te som om den bes\u00f8kende hadde bes\u00f8kt nettstedet som det innebygde innholdet kommer fra.<\/p>\n<!-- \/wp:paragraph -->\n\n<!-- wp:paragraph -->\n<p>Disse nettstedene kan samle inn opplysninger om deg, bruke informasjonskapsler, bygge inn sporingssystemer fra tredjeparter og overv\u00e5ke hva du gj\u00f8r via dette innebygde innholdet. Dette omfatter ogs\u00e5 sporing av handlingene dine via det innebygde innholdet dersom du har en konto og er logget inn p\u00e5 nettstedet.<\/p>\n<!-- \/wp:paragraph -->\n\n<!-- wp:heading -->\n<h2>Hvem vi deler dine opplysninger med<\/h2>\n<!-- \/wp:heading -->\n\n<!-- wp:paragraph -->\n<p><strong class=\"privacy-policy-tutorial\">Foresl\u00e5tt tekst: <\/strong>Om du ber at passordet tilbakestilles, vil din IP-adresse tas med i e-posten om tilbakestilling av passord.<\/p>\n<!-- \/wp:paragraph -->\n\n<!-- wp:heading -->\n<h2>Hvor lenge vi oppbevarer opplysninger om deg<\/h2>\n<!-- \/wp:heading -->\n\n<!-- wp:paragraph -->\n<p><strong class=\"privacy-policy-tutorial\">Foresl\u00e5tt tekst: <\/strong>Hvis du legger igjen en kommentar, blir kommentaren og informasjon om kommentaren lagret p\u00e5 ubestemt tid. Dette er for at vi kan gjenkjenne oppf\u00f8lgingskommentarer og godkjenne dem automatisk i stedet for \u00e5 legge dem i en k\u00f8 der de m\u00e5 godkjennes manuelt av en redakt\u00f8r.<\/p>\n<!-- \/wp:paragraph -->\n\n<!-- wp:paragraph -->\n<p>For brukere som registrerer seg p\u00e5 dette nettstedet (dersom denne muligheten eksisterer), lagres det ogs\u00e5 personopplysninger som de oppgir i brukerprofilen sin. Alle brukere kan se, redigere og slette sine egne personopplysninger n\u00e5r som helst (bortsett fra brukernavn). Nettstedets administratorer kan ogs\u00e5 se og redigere denne informasjonen.<\/p>\n<!-- \/wp:paragraph -->\n\n<!-- wp:heading -->\n<h2>Rettighetene dine n\u00e5r det gjelder opplysninger vi har om deg<\/h2>\n<!-- \/wp:heading -->\n\n<!-- wp:paragraph -->\n<p><strong class=\"privacy-policy-tutorial\">Foresl\u00e5tt tekst: <\/strong>Hvis du har en konto p\u00e5 dette nettstedet eller har lagt igjen kommentarer, kan du be om \u00e5 f\u00e5 en eksportfil som inneholder personopplysningene vi har om deg. Dette omfatter all data du har gitt oss. Du kan ogs\u00e5 be om at vi sletter alle personopplysninger vi har om deg. Dette omfatter ikke opplysninger vi er p\u00e5lagt \u00e5 lagre av administrative, juridiske eller sikkerhetsmessige \u00e5rsaker.<\/p>\n<!-- \/wp:paragraph -->\n\n<!-- wp:heading -->\n<h2>Hvor vi sender opplysninger om deg<\/h2>\n<!-- \/wp:heading -->\n\n<!-- wp:paragraph -->\n<p><strong class=\"privacy-policy-tutorial\">Foresl\u00e5tt tekst: <\/strong>Bes\u00f8kendes kommentarer kan bli kontrollert gjennom en automatisk gjenkjennelsestjeneste mot s\u00f8ppelkommentarer.<\/p>\n<!-- \/wp:paragraph -->","_et_gb_content_width":"","footnotes":""},"class_list":["post-7111","page","type-page","status-publish","hentry"],"yoast_head":"<!-- This site is optimized with the Yoast SEO Premium plugin v27.5 (Yoast SEO v27.5) - https:\/\/yoast.com\/product\/yoast-seo-premium-wordpress\/ -->\n<title>Privacy Policy - RISE PFI AS<\/title>\n<meta name=\"robots\" content=\"index, follow, max-snippet:-1, max-image-preview:large, max-video-preview:-1\" \/>\n<link rel=\"canonical\" href=\"https:\/\/rise-pfi.no\/en\/privacy-policy-2\/\" \/>\n<meta property=\"og:locale\" content=\"en_GB\" \/>\n<meta property=\"og:type\" content=\"article\" \/>\n<meta property=\"og:title\" content=\"Privacy Policy\" \/>\n<meta property=\"og:description\" content=\"Who are we: Our website address is: https:\/\/www.rise-pfi.no &nbsp; HTTPS and secure transmission: Our website uses HTTPS encryption. If you want to make sure that a page is encrypted, it will say &quot;https&quot; instead of just &quot;http&quot; in the browser&#039;s address bar. Most browsers will also display a padlock. The purpose of encryption is to [&hellip;]\" \/>\n<meta property=\"og:url\" content=\"https:\/\/rise-pfi.no\/en\/privacy-policy-2\/\" \/>\n<meta property=\"og:site_name\" content=\"RISE PFI AS\" \/>\n<meta property=\"article:modified_time\" content=\"2022-01-23T15:42:37+00:00\" \/>\n<meta name=\"twitter:card\" content=\"summary_large_image\" \/>\n<meta name=\"twitter:label1\" content=\"Estimated reading time\" \/>\n\t<meta name=\"twitter:data1\" content=\"2 minutes\" \/>\n<script type=\"application\/ld+json\" class=\"yoast-schema-graph\">{\"@context\":\"https:\\\/\\\/schema.org\",\"@graph\":[{\"@type\":\"WebPage\",\"@id\":\"https:\\\/\\\/rise-pfi.no\\\/en\\\/privacy-policy-2\\\/\",\"url\":\"https:\\\/\\\/rise-pfi.no\\\/en\\\/privacy-policy-2\\\/\",\"name\":\"Privacy Policy - RISE PFI AS\",\"isPartOf\":{\"@id\":\"https:\\\/\\\/rise-pfi.no\\\/en\\\/#website\"},\"datePublished\":\"2022-01-19T12:25:32+00:00\",\"dateModified\":\"2022-01-23T15:42:37+00:00\",\"breadcrumb\":{\"@id\":\"https:\\\/\\\/rise-pfi.no\\\/en\\\/privacy-policy-2\\\/#breadcrumb\"},\"inLanguage\":\"en-GB\",\"potentialAction\":[{\"@type\":\"ReadAction\",\"target\":[\"https:\\\/\\\/rise-pfi.no\\\/en\\\/privacy-policy-2\\\/\"]}]},{\"@type\":\"BreadcrumbList\",\"@id\":\"https:\\\/\\\/rise-pfi.no\\\/en\\\/privacy-policy-2\\\/#breadcrumb\",\"itemListElement\":[{\"@type\":\"ListItem\",\"position\":1,\"name\":\"RISE PFI\",\"item\":\"https:\\\/\\\/rise-pfi.no\\\/en\\\/\"},{\"@type\":\"ListItem\",\"position\":2,\"name\":\"Privacy Policy\"}]},{\"@type\":\"WebSite\",\"@id\":\"https:\\\/\\\/rise-pfi.no\\\/en\\\/#website\",\"url\":\"https:\\\/\\\/rise-pfi.no\\\/en\\\/\",\"name\":\"RISE PFI AS\",\"description\":\"We develop novel and sustainable products and solutions for the future biobased society\",\"publisher\":{\"@id\":\"https:\\\/\\\/rise-pfi.no\\\/en\\\/#organization\"},\"potentialAction\":[{\"@type\":\"SearchAction\",\"target\":{\"@type\":\"EntryPoint\",\"urlTemplate\":\"https:\\\/\\\/rise-pfi.no\\\/en\\\/?s={search_term_string}\"},\"query-input\":{\"@type\":\"PropertyValueSpecification\",\"valueRequired\":true,\"valueName\":\"search_term_string\"}}],\"inLanguage\":\"en-GB\"},{\"@type\":\"Organization\",\"@id\":\"https:\\\/\\\/rise-pfi.no\\\/en\\\/#organization\",\"name\":\"RISE PFI AS\",\"url\":\"https:\\\/\\\/rise-pfi.no\\\/en\\\/\",\"logo\":{\"@type\":\"ImageObject\",\"inLanguage\":\"en-GB\",\"@id\":\"https:\\\/\\\/rise-pfi.no\\\/en\\\/#\\\/schema\\\/logo\\\/image\\\/\",\"url\":\"https:\\\/\\\/rise-pfi.no\\\/wp-content\\\/uploads\\\/2020\\\/10\\\/cropped-Logo-nettstedikon.png\",\"contentUrl\":\"https:\\\/\\\/rise-pfi.no\\\/wp-content\\\/uploads\\\/2020\\\/10\\\/cropped-Logo-nettstedikon.png\",\"width\":512,\"height\":512,\"caption\":\"RISE PFI AS\"},\"image\":{\"@id\":\"https:\\\/\\\/rise-pfi.no\\\/en\\\/#\\\/schema\\\/logo\\\/image\\\/\"},\"sameAs\":[\"https:\\\/\\\/www.linkedin.com\\\/company\\\/18494360\"]}]}<\/script>\n<!-- \/ Yoast SEO Premium plugin. -->","yoast_head_json":{"title":"Privacy Policy - RISE PFI AS","robots":{"index":"index","follow":"follow","max-snippet":"max-snippet:-1","max-image-preview":"max-image-preview:large","max-video-preview":"max-video-preview:-1"},"canonical":"https:\/\/rise-pfi.no\/en\/privacy-policy-2\/","og_locale":"en_GB","og_type":"article","og_title":"Privacy Policy","og_description":"Who are we: Our website address is: https:\/\/www.rise-pfi.no &nbsp; HTTPS and secure transmission: Our website uses HTTPS encryption. If you want to make sure that a page is encrypted, it will say \"https\" instead of just \"http\" in the browser's address bar. Most browsers will also display a padlock. The purpose of encryption is to [&hellip;]","og_url":"https:\/\/rise-pfi.no\/en\/privacy-policy-2\/","og_site_name":"RISE PFI AS","article_modified_time":"2022-01-23T15:42:37+00:00","twitter_card":"summary_large_image","twitter_misc":{"Estimated reading time":"2 minutes"},"schema":{"@context":"https:\/\/schema.org","@graph":[{"@type":"WebPage","@id":"https:\/\/rise-pfi.no\/en\/privacy-policy-2\/","url":"https:\/\/rise-pfi.no\/en\/privacy-policy-2\/","name":"Privacy Policy - RISE PFI AS","isPartOf":{"@id":"https:\/\/rise-pfi.no\/en\/#website"},"datePublished":"2022-01-19T12:25:32+00:00","dateModified":"2022-01-23T15:42:37+00:00","breadcrumb":{"@id":"https:\/\/rise-pfi.no\/en\/privacy-policy-2\/#breadcrumb"},"inLanguage":"en-GB","potentialAction":[{"@type":"ReadAction","target":["https:\/\/rise-pfi.no\/en\/privacy-policy-2\/"]}]},{"@type":"BreadcrumbList","@id":"https:\/\/rise-pfi.no\/en\/privacy-policy-2\/#breadcrumb","itemListElement":[{"@type":"ListItem","position":1,"name":"RISE PFI","item":"https:\/\/rise-pfi.no\/en\/"},{"@type":"ListItem","position":2,"name":"Privacy Policy"}]},{"@type":"WebSite","@id":"https:\/\/rise-pfi.no\/en\/#website","url":"https:\/\/rise-pfi.no\/en\/","name":"RISE PFI AS","description":"We develop novel and sustainable products and solutions for the future biobased society","publisher":{"@id":"https:\/\/rise-pfi.no\/en\/#organization"},"potentialAction":[{"@type":"SearchAction","target":{"@type":"EntryPoint","urlTemplate":"https:\/\/rise-pfi.no\/en\/?s={search_term_string}"},"query-input":{"@type":"PropertyValueSpecification","valueRequired":true,"valueName":"search_term_string"}}],"inLanguage":"en-GB"},{"@type":"Organization","@id":"https:\/\/rise-pfi.no\/en\/#organization","name":"RISE PFI AS","url":"https:\/\/rise-pfi.no\/en\/","logo":{"@type":"ImageObject","inLanguage":"en-GB","@id":"https:\/\/rise-pfi.no\/en\/#\/schema\/logo\/image\/","url":"https:\/\/rise-pfi.no\/wp-content\/uploads\/2020\/10\/cropped-Logo-nettstedikon.png","contentUrl":"https:\/\/rise-pfi.no\/wp-content\/uploads\/2020\/10\/cropped-Logo-nettstedikon.png","width":512,"height":512,"caption":"RISE PFI AS"},"image":{"@id":"https:\/\/rise-pfi.no\/en\/#\/schema\/logo\/image\/"},"sameAs":["https:\/\/www.linkedin.com\/company\/18494360"]}]}},"_links":{"self":[{"href":"https:\/\/rise-pfi.no\/en\/wp-json\/wp\/v2\/pages\/7111","targetHints":{"allow":["GET"]}}],"collection":[{"href":"https:\/\/rise-pfi.no\/en\/wp-json\/wp\/v2\/pages"}],"about":[{"href":"https:\/\/rise-pfi.no\/en\/wp-json\/wp\/v2\/types\/page"}],"author":[{"embeddable":true,"href":"https:\/\/rise-pfi.no\/en\/wp-json\/wp\/v2\/users\/1"}],"replies":[{"embeddable":true,"href":"https:\/\/rise-pfi.no\/en\/wp-json\/wp\/v2\/comments?post=7111"}],"version-history":[{"count":11,"href":"https:\/\/rise-pfi.no\/en\/wp-json\/wp\/v2\/pages\/7111\/revisions"}],"predecessor-version":[{"id":7352,"href":"https:\/\/rise-pfi.no\/en\/wp-json\/wp\/v2\/pages\/7111\/revisions\/7352"}],"wp:attachment":[{"href":"https:\/\/rise-pfi.no\/en\/wp-json\/wp\/v2\/media?parent=7111"}],"curies":[{"name":"wp","href":"https:\/\/api.w.org\/{rel}","templated":true}]}}