{"id":6717,"date":"2022-01-12T09:11:35","date_gmt":"2022-01-12T09:11:35","guid":{"rendered":"https:\/\/rise-pfi.no\/?page_id=6717"},"modified":"2022-12-02T08:10:42","modified_gmt":"2022-12-02T08:10:42","slug":"god-helse-og-livskvalitet","status":"publish","type":"page","link":"https:\/\/rise-pfi.no\/no\/about-us\/sustainability\/good-health-and-well-being\/","title":{"rendered":"God helse og livskvalitet"},"content":{"rendered":"\n[et_pb_section fb_built=&#8221;1&#8243; _builder_version=&#8221;4.16&#8243; background_color=&#8221;#e4e2da&#8221; custom_margin=&#8221;0px||0px||false|false&#8221; custom_padding=&#8221;0px||5px||false|false&#8221; global_colors_info=&#8221;{}&#8221;][et_pb_row _builder_version=&#8221;4.16&#8243; global_colors_info=&#8221;{}&#8221;][et_pb_column type=&#8221;4_4&#8243; _builder_version=&#8221;4.16&#8243; global_colors_info=&#8221;{}&#8221;][et_pb_code _builder_version=&#8221;4.16&#8243; global_colors_info=&#8221;{}&#8221;]<span><span><a href=\"https:\/\/rise-pfi.no\/en\/\">RISE PFI<\/a><\/span><\/span>[\/et_pb_code][\/et_pb_column][\/et_pb_row][\/et_pb_section][et_pb_section fb_built=&#8221;1&#8243; admin_label=&#8221;Header&#8221; _builder_version=&#8221;4.16&#8243; custom_padding=&#8221;100px|0px|0|0px|false|false&#8221; locked=&#8221;off&#8221; global_colors_info=&#8221;{}&#8221;][et_pb_row column_structure=&#8221;3_4,1_4&#8243; use_custom_gutter=&#8221;on&#8221; gutter_width=&#8221;2&#8243; _builder_version=&#8221;4.16&#8243; max_width=&#8221;1280px&#8221; custom_margin_tablet=&#8221;&#8221; custom_margin_phone=&#8221;-74px||||false|false&#8221; custom_margin_last_edited=&#8221;on|phone&#8221; use_custom_width=&#8221;on&#8221; custom_width_px=&#8221;1280px&#8221; global_colors_info=&#8221;{}&#8221;][et_pb_column type=&#8221;3_4&#8243; _builder_version=&#8221;4.16&#8243; custom_padding=&#8221;|||&#8221; global_colors_info=&#8221;{}&#8221; custom_padding__hover=&#8221;|||&#8221;][et_pb_text _builder_version=&#8221;4.19.2&#8243; _module_preset=&#8221;default&#8221; text_font=&#8221;ShareTech||||||||&#8221; header_2_font=&#8221;|700|||||||&#8221; header_2_font_size=&#8221;40px&#8221; header_2_letter_spacing=&#8221;-1px&#8221; custom_margin=&#8221;||3px|||&#8221; header_2_font_size_tablet=&#8221;40px&#8221; header_2_font_size_phone=&#8221;25px&#8221; header_2_font_size_last_edited=&#8221;on|phone&#8221; global_colors_info=&#8221;{}&#8221;]<h2>UN Sustainability Goal 3: Good health and well-being<\/h2>[\/et_pb_text][et_pb_divider color=&#8221;#464b11&#8243; _builder_version=&#8221;4.16&#8243; _module_preset=&#8221;default&#8221; global_colors_info=&#8221;{}&#8221;][\/et_pb_divider][\/et_pb_column][et_pb_column type=&#8221;1_4&#8243; _builder_version=&#8221;4.16&#8243; custom_padding=&#8221;|||&#8221; global_colors_info=&#8221;{}&#8221; custom_padding__hover=&#8221;|||&#8221;][\/et_pb_column][\/et_pb_row][\/et_pb_section][et_pb_section fb_built=&#8221;1&#8243; _builder_version=&#8221;4.16&#8243; _module_preset=&#8221;default&#8221; custom_padding=&#8221;24px|||||&#8221; global_colors_info=&#8221;{}&#8221;][et_pb_row column_structure=&#8221;3_4,1_4&#8243; _builder_version=&#8221;4.16&#8243; _module_preset=&#8221;default&#8221; custom_margin_tablet=&#8221;&#8221; custom_margin_phone=&#8221;-90px||||false|false&#8221; custom_margin_last_edited=&#8221;on|phone&#8221; custom_padding=&#8221;||4px|||&#8221; global_colors_info=&#8221;{}&#8221;][et_pb_column type=&#8221;3_4&#8243; _builder_version=&#8221;4.16&#8243; _module_preset=&#8221;default&#8221; global_colors_info=&#8221;{}&#8221;][et_pb_text _builder_version=&#8221;4.19.2&#8243; _module_preset=&#8221;default&#8221; header_3_font_last_edited=&#8221;off|phone&#8221; header_3_font_size_last_edited=&#8221;off|phone&#8221; global_colors_info=&#8221;{}&#8221;]<h3>We perform research on biomedical applications of cellulose. One example is the development of new cellulose-based wound dressings targeting the healing of chronical wounds. We also perform research on developing cellulose-based structures (scaffolds) where stem cells can grow and form new tissue. Hence, our research supports UN sustainability subgoal 3.4:<\/h3>[\/et_pb_text][et_pb_text _builder_version=&#8221;4.16&#8243; _module_preset=&#8221;default&#8221; global_colors_info=&#8221;{}&#8221;]<p><em>UN subgoal 3.4: \u201cBy 2030, reduce by one third premature mortality from non-communicable diseases through prevention and treatment and promote mental health and well-being\u201d<\/em><\/p>[\/et_pb_text][\/et_pb_column][et_pb_column type=&#8221;1_4&#8243; _builder_version=&#8221;4.16&#8243; _module_preset=&#8221;default&#8221; global_colors_info=&#8221;{}&#8221;][et_pb_image src=&#8221;https:\/\/rise-pfi.no\/wp-content\/uploads\/2022\/01\/GOAL_3_TARGET_3.jpg&#8221; alt=&#8221;UN subgoal 3.4&#8243; title_text=&#8221;UN subgoal 3.4&#8243; _builder_version=&#8221;4.16&#8243; _module_preset=&#8221;default&#8221; max_height=&#8221;261px&#8221; global_colors_info=&#8221;{}&#8221;][\/et_pb_image][\/et_pb_column][\/et_pb_row][et_pb_row _builder_version=&#8221;4.16&#8243; _module_preset=&#8221;default&#8221; custom_padding=&#8221;||13px|||&#8221; global_colors_info=&#8221;{}&#8221;][et_pb_column type=&#8221;4_4&#8243; _builder_version=&#8221;4.16&#8243; _module_preset=&#8221;default&#8221; global_colors_info=&#8221;{}&#8221;][et_pb_text _builder_version=&#8221;4.19.2&#8243; _module_preset=&#8221;default&#8221; header_4_font=&#8221;||||||||&#8221; custom_margin=&#8221;19px||||false|false&#8221; header_3_font_last_edited=&#8221;off|desktop&#8221; global_colors_info=&#8221;{}&#8221;]<h4><strong>Examples of projects at RISE PFI supporting UN sustainability subgoal 3.4 are given below:<\/strong><\/h4>[\/et_pb_text][\/et_pb_column][\/et_pb_row][et_pb_row column_structure=&#8221;1_3,1_3,1_3&#8243; use_custom_gutter=&#8221;on&#8221; gutter_width=&#8221;2&#8243; make_equal=&#8221;on&#8221; _builder_version=&#8221;4.16&#8243; module_alignment=&#8221;center&#8221; custom_margin=&#8221;||0px||false|false&#8221; custom_padding=&#8221;||4px||false|false&#8221; global_colors_info=&#8221;{}&#8221;][et_pb_column type=&#8221;1_3&#8243; _builder_version=&#8221;4.16&#8243; background_enable_image=&#8221;off&#8221; border_radii=&#8221;on|2px|2px|2px|2px&#8221; global_colors_info=&#8221;{}&#8221;][et_pb_cta title=&#8221;3DPRENT&#8221; button_url=&#8221;https:\/\/rise-pfi.no\/en\/focus-areas\/nanocellulose-and-carbohydrate-polymers\/3dprent\/&#8221; _builder_version=&#8221;4.19.2&#8243; header_font=&#8221;|700|||||||&#8221; header_text_align=&#8221;left&#8221; header_text_color=&#8221;#464b11&#8243; header_font_size=&#8221;20px&#8221; header_line_height=&#8221;2em&#8221; body_font=&#8221;||||||||&#8221; body_text_color=&#8221;#464b11&#8243; body_font_size=&#8221;12px&#8221; body_line_height=&#8221;1.4em&#8221; use_background_color_gradient=&#8221;on&#8221; background_color_gradient_stops=&#8221;#cecbc1 0%|rgba(228,226,218,0.55) 100%&#8221; background_color_gradient_overlays_image=&#8221;on&#8221; background_color_gradient_start=&#8221;#cecbc1&#8243; background_color_gradient_end=&#8221;rgba(228,226,218,0.55)&#8221; background_image=&#8221;https:\/\/rise-pfi.no\/wp-content\/uploads\/2021\/12\/3dPrent2_web.jpg&#8221; custom_button=&#8221;on&#8221; button_text_size=&#8221;16px&#8221; button_text_color=&#8221;#ffffff&#8221; button_bg_color=&#8221;#747706&#8243; button_border_width=&#8221;0px&#8221; button_border_radius=&#8221;0px&#8221; button_font=&#8221;||||||||&#8221; button_alignment=&#8221;left&#8221; button_custom_margin=&#8221;10px||||false|false&#8221; button_custom_padding=&#8221;6px||6px||false|false&#8221; text_orientation=&#8221;left&#8221; min_height=&#8221;270px&#8221; custom_padding=&#8221;|20px||37px|false|false&#8221; hover_enabled=&#8221;0&#8243; border_width_all=&#8221;1px&#8221; border_color_all=&#8221;#464b11&#8243; global_colors_info=&#8221;{}&#8221; sticky_enabled=&#8221;0&#8243;]<p>3D Printed Engineered Nano-Composite Templates for Bone Regeneration<\/p>[\/et_pb_cta][et_pb_button button_url=&#8221;https:\/\/rise-pfi.no\/en\/focus-areas\/nanocellulose-and-carbohydrate-polymers\/3dprent\/&#8221; button_text=&#8221;Read more&#8221; _builder_version=&#8221;4.19.2&#8243; _module_preset=&#8221;default&#8221; button_text_color=&#8221;#FFFFFF&#8221; button_bg_color=&#8221;#747706&#8243; button_border_width=&#8221;0px&#8221; button_border_radius=&#8221;1px&#8221; position_origin_a=&#8221;bottom_left&#8221; custom_margin=&#8221;10px||90px|34px|false|false&#8221; custom_padding=&#8221;6px||6px||true|true&#8221; hover_enabled=&#8221;0&#8243; locked=&#8221;off&#8221; global_colors_info=&#8221;{}&#8221; sticky_enabled=&#8221;0&#8243;][\/et_pb_button][\/et_pb_column][et_pb_column type=&#8221;1_3&#8243; _builder_version=&#8221;4.16&#8243; background_enable_image=&#8221;off&#8221; border_radii=&#8221;on|2px|2px|2px|2px&#8221; global_colors_info=&#8221;{}&#8221;][et_pb_cta title=&#8221;OxyPol&#8221; button_url=&#8221;https:\/\/rise-pfi.no\/oxypol\/&#8221; _builder_version=&#8221;4.19.2&#8243; header_font=&#8221;|700|||||||&#8221; header_text_align=&#8221;left&#8221; header_text_color=&#8221;#464b11&#8243; header_font_size=&#8221;20px&#8221; header_line_height=&#8221;2em&#8221; body_font=&#8221;||||||||&#8221; body_text_color=&#8221;#464b11&#8243; body_font_size=&#8221;12px&#8221; body_line_height=&#8221;1.4em&#8221; background_enable_color=&#8221;off&#8221; use_background_color_gradient=&#8221;on&#8221; background_color_gradient_stops=&#8221;rgba(206,203,193,0.81) 43%|rgba(228,226,218,0.52) 100%&#8221; background_color_gradient_overlays_image=&#8221;on&#8221; background_color_gradient_start=&#8221;rgba(206,203,193,0.81)&#8221; background_color_gradient_start_position=&#8221;43%&#8221; background_color_gradient_end=&#8221;rgba(228,226,218,0.52)&#8221; background_image=&#8221;https:\/\/rise-pfi.no\/wp-content\/uploads\/2022\/02\/oxypol_web.jpg&#8221; custom_button=&#8221;on&#8221; button_text_size=&#8221;16px&#8221; button_text_color=&#8221;#ffffff&#8221; button_bg_color=&#8221;#747706&#8243; button_border_width=&#8221;0px&#8221; button_border_radius=&#8221;0px&#8221; button_font=&#8221;Share Tech Mono||||||||&#8221; button_alignment=&#8221;left&#8221; button_custom_margin=&#8221;10px||||false|false&#8221; button_custom_padding=&#8221;6px||6px||false|false&#8221; text_orientation=&#8221;left&#8221; min_height=&#8221;270px&#8221; custom_padding=&#8221;|20px||37px|false|false&#8221; border_width_all=&#8221;1px&#8221; border_color_all=&#8221;#464b11&#8243; global_colors_info=&#8221;{}&#8221;]<p>Oxygenated bioPolymers for biomedical applications<\/p>[\/et_pb_cta][et_pb_button button_url=&#8221;https:\/\/rise-pfi.no\/en\/focus-areas\/biocomposites\/oxypol\/&#8221; button_text=&#8221;Read more&#8221; _builder_version=&#8221;4.19.2&#8243; _module_preset=&#8221;default&#8221; button_text_color=&#8221;#FFFFFF&#8221; button_bg_color=&#8221;#747706&#8243; button_border_width=&#8221;0px&#8221; button_border_radius=&#8221;1px&#8221; position_origin_a=&#8221;bottom_left&#8221; custom_margin=&#8221;10px||90px|34px|false|false&#8221; custom_padding=&#8221;6px||6px||true|true&#8221; hover_enabled=&#8221;0&#8243; locked=&#8221;off&#8221; global_colors_info=&#8221;{}&#8221; sticky_enabled=&#8221;0&#8243;][\/et_pb_button][\/et_pb_column][et_pb_column type=&#8221;1_3&#8243; _builder_version=&#8221;4.16&#8243; background_enable_image=&#8221;off&#8221; border_radii=&#8221;on|2px|2px|2px|2px&#8221; global_colors_info=&#8221;{}&#8221;][\/et_pb_column][\/et_pb_row][\/et_pb_section][et_pb_section fb_built=&#8221;1&#8243; _builder_version=&#8221;4.14.9&#8243; _module_preset=&#8221;default&#8221; background_color=&#8221;#464b11&#8243; custom_padding=&#8221;44px||0px||false|false&#8221; global_module=&#8221;7056&#8243; saved_tabs=&#8221;all&#8221; global_colors_info=&#8221;{}&#8221;][et_pb_row column_structure=&#8221;1_3,1_3,1_3&#8243; _builder_version=&#8221;4.16&#8243; _module_preset=&#8221;default&#8221; global_colors_info=&#8221;{}&#8221;][et_pb_column type=&#8221;1_3&#8243; _builder_version=&#8221;4.16&#8243; _module_preset=&#8221;default&#8221; global_colors_info=&#8221;{}&#8221;][et_pb_image src=&#8221;https:\/\/rise-pfi.no\/wp-content\/uploads\/2020\/05\/hvit-logo-pfi.png&#8221; title_text=&#8221;hvit-logo-pfi&#8221; _builder_version=&#8221;4.16&#8243; _module_preset=&#8221;default&#8221; global_colors_info=&#8221;{}&#8221;][\/et_pb_image][\/et_pb_column][et_pb_column type=&#8221;1_3&#8243; _builder_version=&#8221;4.16&#8243; _module_preset=&#8221;default&#8221; global_colors_info=&#8221;{}&#8221;][et_pb_text content_last_edited=&#8221;off|desktop&#8221; _builder_version=&#8221;4.16.1&#8243; _module_preset=&#8221;default&#8221; text_text_color=&#8221;#FFFFFF&#8221; text_font_size=&#8221;12px&#8221; link_text_color=&#8221;#ffffff&#8221; header_5_font=&#8221;Roboto||||||||&#8221; header_5_text_color=&#8221;#FFFFFF&#8221; background_layout=&#8221;dark&#8221; text_text_color_tablet=&#8221;&#8221; text_text_color_phone=&#8221;#FFFFFF&#8221; text_text_color_last_edited=&#8221;on|phone&#8221; link_text_color_tablet=&#8221;#ffffff&#8221; link_text_color_phone=&#8221;#FFFFFF&#8221; link_text_color_last_edited=&#8221;on|phone&#8221; global_colors_info=&#8221;{}&#8221;]<p><strong>RISE PFI is part of <a href=\"https:\/\/www.ri.se\/sv\">RISE &#8211; Research Institutes of Sweden<\/a><\/strong><\/p>\n<p>RISE PFI is and internationally acknowledged research institute within processes and products based on lignocellulose. RISE PFI\u00b4s focus areas are Fibre technology and fibre-based products, Biorefining and Bioenergy and Biopolymers and Biocomposites.<\/p>\n<p>&nbsp;<\/p>\n<p><strong>Contact<\/strong><\/p>\n<ul>\n<li>H\u00f8gskoleringen 6b<\/li>\n<li>NO &#8211; 7491 Trondheim<\/li>\n<li>firmapost@rise-pfi.no<\/li>\n<li>+47 73 60 50 65<\/li>\n<\/ul>\n<p>&nbsp;<\/p>[\/et_pb_text][\/et_pb_column][et_pb_column type=&#8221;1_3&#8243; _builder_version=&#8221;4.16&#8243; _module_preset=&#8221;default&#8221; global_colors_info=&#8221;{}&#8221;][et_pb_text _builder_version=&#8221;4.19.2&#8243; _module_preset=&#8221;default&#8221; text_font=&#8221;RobotoBold||||||||&#8221; text_text_color=&#8221;#FFFFFF&#8221; text_font_size=&#8221;12px&#8221; header_5_font=&#8221;Roboto||||||||&#8221; header_5_text_color=&#8221;#FFFFFF&#8221; custom_padding=&#8221;||||false|false&#8221; global_colors_info=&#8221;{}&#8221;]<p><strong>Follow us on Linkedin and Twitter<\/strong><\/p>[\/et_pb_text][et_pb_social_media_follow follow_button=&#8221;on&#8221; _builder_version=&#8221;4.16&#8243; _module_preset=&#8221;default&#8221; global_colors_info=&#8221;{}&#8221;][et_pb_social_media_follow_network social_network=&#8221;linkedin&#8221; url=&#8221;https:\/\/www.linkedin.com\/company\/18494360\/&#8221; icon_color=&#8221;#ffffff&#8221; use_icon_font_size=&#8221;on&#8221; _builder_version=&#8221;4.16&#8243; _module_preset=&#8221;default&#8221; background_color=&#8221;#007bb6&#8243; custom_button=&#8221;on&#8221; button_text_color=&#8221;#FFFFFF&#8221; global_colors_info=&#8221;{}&#8221; follow_button=&#8221;on&#8221; url_new_window=&#8221;on&#8221;]linkedin[\/et_pb_social_media_follow_network][et_pb_social_media_follow_network social_network=&#8221;twitter&#8221; url=&#8221;https:\/\/twitter.com\/PFI_tweets&#8221; _builder_version=&#8221;4.16&#8243; _module_preset=&#8221;default&#8221; background_color=&#8221;#00aced&#8221; custom_button=&#8221;on&#8221; button_text_color=&#8221;#FFFFFF&#8221; global_colors_info=&#8221;{}&#8221; follow_button=&#8221;on&#8221; url_new_window=&#8221;on&#8221;]twitter[\/et_pb_social_media_follow_network][\/et_pb_social_media_follow][et_pb_text _builder_version=&#8221;4.18.0&#8243; _module_preset=&#8221;default&#8221; text_text_color=&#8221;#FFFFFF&#8221; text_font_size=&#8221;12px&#8221; link_text_color=&#8221;#FFFFFF&#8221; global_colors_info=&#8221;{}&#8221;]<p><span style=\"text-decoration: underline;\"><strong><a href=\"https:\/\/rise-pfi.no\/en\/we-offer\/analyses-and-equipment\/\">Read about our accredited methods and other methods<\/a><\/strong><\/span><\/p>[\/et_pb_text][et_pb_image src=&#8221;https:\/\/rise-pfi.no\/wp-content\/uploads\/2022\/10\/Logo-Test-180-NO-hvit.png&#8221; title_text=&#8221;Logo Test 180 NO hvit&#8221; url=&#8221;https:\/\/akkreditert.no\/akkrediterte-organisasjoner\/akkrediteringsomfang\/?AkkId=448&#8243; _builder_version=&#8221;4.18.0&#8243; _module_preset=&#8221;default&#8221; width=&#8221;24%&#8221; global_colors_info=&#8221;{}&#8221;][\/et_pb_image][\/et_pb_column][\/et_pb_row][\/et_pb_section]\n","protected":false},"excerpt":{"rendered":"<p><span><span><a href=\"https:\/\/rise-pfi.no\/en\/\">RISE PFI<\/a><\/span><\/span>UN Sustainability Goal 3: Good health and well-beingWe perform research on biomedical applications of cellulose. One example is the development of new cellulose-based wound dressings targeting the healing of chronical wounds. We also perform research on developing cellulose-based structures (scaffolds) where stem cells can grow and form new tissue. Hence, our research supports UN sustainability [&hellip;]<\/p>\n","protected":false},"author":1,"featured_media":0,"parent":6686,"menu_order":0,"comment_status":"closed","ping_status":"closed","template":"","meta":{"_et_pb_use_builder":"on","_et_pb_old_content":"","_et_gb_content_width":"","footnotes":""},"class_list":["post-6717","page","type-page","status-publish","hentry"],"yoast_head":"<!-- This site is optimized with the Yoast SEO Premium plugin v27.4 (Yoast SEO v27.5) - https:\/\/yoast.com\/product\/yoast-seo-premium-wordpress\/ -->\n<title>Good health and well-being - RISE PFI AS<\/title>\n<meta name=\"description\" content=\"We perform research on biomedical applications of cellulose, and research on developing cellulose-based structures where stem cells can grow and form new tissue\" \/>\n<meta name=\"robots\" content=\"index, follow, max-snippet:-1, max-image-preview:large, max-video-preview:-1\" \/>\n<link rel=\"canonical\" href=\"https:\/\/rise-pfi.no\/no\/om-oss\/baerekraft\/god-helse-og-livskvalitet\/\" \/>\n<meta property=\"og:locale\" content=\"nb_NO\" \/>\n<meta property=\"og:type\" content=\"article\" \/>\n<meta property=\"og:title\" content=\"Good health and well-being\" \/>\n<meta property=\"og:description\" content=\"We perform research on biomedical applications of cellulose, and research on developing cellulose-based structures where stem cells can grow and form new tissue\" \/>\n<meta property=\"og:url\" content=\"https:\/\/rise-pfi.no\/no\/om-oss\/baerekraft\/god-helse-og-livskvalitet\/\" \/>\n<meta property=\"og:site_name\" content=\"RISE PFI AS\" \/>\n<meta property=\"article:modified_time\" content=\"2022-12-02T08:10:42+00:00\" \/>\n<meta name=\"twitter:card\" content=\"summary_large_image\" \/>\n<meta name=\"twitter:label1\" content=\"Ansl. lesetid\" \/>\n\t<meta name=\"twitter:data1\" content=\"3 minutter\" \/>\n<script type=\"application\/ld+json\" class=\"yoast-schema-graph\">{\"@context\":\"https:\\\/\\\/schema.org\",\"@graph\":[{\"@type\":\"WebPage\",\"@id\":\"https:\\\/\\\/rise-pfi.no\\\/about-us\\\/sustainability\\\/good-health-and-well-being\\\/\",\"url\":\"https:\\\/\\\/rise-pfi.no\\\/about-us\\\/sustainability\\\/good-health-and-well-being\\\/\",\"name\":\"Good health and well-being - RISE PFI AS\",\"isPartOf\":{\"@id\":\"https:\\\/\\\/rise-pfi.no\\\/en\\\/#website\"},\"datePublished\":\"2022-01-12T09:11:35+00:00\",\"dateModified\":\"2022-12-02T08:10:42+00:00\",\"description\":\"We perform research on biomedical applications of cellulose, and research on developing cellulose-based structures where stem cells can grow and form new tissue\",\"breadcrumb\":{\"@id\":\"https:\\\/\\\/rise-pfi.no\\\/about-us\\\/sustainability\\\/good-health-and-well-being\\\/#breadcrumb\"},\"inLanguage\":\"nb-NO\",\"potentialAction\":[{\"@type\":\"ReadAction\",\"target\":[\"https:\\\/\\\/rise-pfi.no\\\/about-us\\\/sustainability\\\/good-health-and-well-being\\\/\"]}]},{\"@type\":\"BreadcrumbList\",\"@id\":\"https:\\\/\\\/rise-pfi.no\\\/about-us\\\/sustainability\\\/good-health-and-well-being\\\/#breadcrumb\",\"itemListElement\":[{\"@type\":\"ListItem\",\"position\":1,\"name\":\"RISE PFI\",\"item\":\"https:\\\/\\\/rise-pfi.no\\\/en\\\/\"},{\"@type\":\"ListItem\",\"position\":2,\"name\":\"About us\",\"item\":\"https:\\\/\\\/rise-pfi.no\\\/about-us\\\/\"},{\"@type\":\"ListItem\",\"position\":3,\"name\":\"Sustainability\",\"item\":\"https:\\\/\\\/rise-pfi.no\\\/about-us\\\/sustainability\\\/\"},{\"@type\":\"ListItem\",\"position\":4,\"name\":\"Good health and well-being\"}]},{\"@type\":\"WebSite\",\"@id\":\"https:\\\/\\\/rise-pfi.no\\\/en\\\/#website\",\"url\":\"https:\\\/\\\/rise-pfi.no\\\/en\\\/\",\"name\":\"RISE PFI AS\",\"description\":\"We develop novel and sustainable products and solutions for the future biobased society\",\"publisher\":{\"@id\":\"https:\\\/\\\/rise-pfi.no\\\/en\\\/#organization\"},\"potentialAction\":[{\"@type\":\"SearchAction\",\"target\":{\"@type\":\"EntryPoint\",\"urlTemplate\":\"https:\\\/\\\/rise-pfi.no\\\/en\\\/?s={search_term_string}\"},\"query-input\":{\"@type\":\"PropertyValueSpecification\",\"valueRequired\":true,\"valueName\":\"search_term_string\"}}],\"inLanguage\":\"nb-NO\"},{\"@type\":\"Organization\",\"@id\":\"https:\\\/\\\/rise-pfi.no\\\/en\\\/#organization\",\"name\":\"RISE PFI AS\",\"url\":\"https:\\\/\\\/rise-pfi.no\\\/en\\\/\",\"logo\":{\"@type\":\"ImageObject\",\"inLanguage\":\"nb-NO\",\"@id\":\"https:\\\/\\\/rise-pfi.no\\\/en\\\/#\\\/schema\\\/logo\\\/image\\\/\",\"url\":\"https:\\\/\\\/rise-pfi.no\\\/wp-content\\\/uploads\\\/2020\\\/10\\\/cropped-Logo-nettstedikon.png\",\"contentUrl\":\"https:\\\/\\\/rise-pfi.no\\\/wp-content\\\/uploads\\\/2020\\\/10\\\/cropped-Logo-nettstedikon.png\",\"width\":512,\"height\":512,\"caption\":\"RISE PFI AS\"},\"image\":{\"@id\":\"https:\\\/\\\/rise-pfi.no\\\/en\\\/#\\\/schema\\\/logo\\\/image\\\/\"},\"sameAs\":[\"https:\\\/\\\/www.linkedin.com\\\/company\\\/18494360\"]}]}<\/script>\n<!-- \/ Yoast SEO Premium plugin. -->","yoast_head_json":{"title":"God helse og livskvalitet - RISE PFI AS","description":"Vi forsker p\u00e5 biomedisinske anvendelser av cellulose. Vi forsker ogs\u00e5 p\u00e5 utvikling av cellulosebaserte strukturer (scaffolds) der stamceller kan vokse og danne nytt vev.","robots":{"index":"index","follow":"follow","max-snippet":"max-snippet:-1","max-image-preview":"max-image-preview:large","max-video-preview":"max-video-preview:-1"},"canonical":"https:\/\/rise-pfi.no\/no\/om-oss\/baerekraft\/god-helse-og-livskvalitet\/","og_locale":"nb_NO","og_type":"article","og_title":"Good health and well-being","og_description":"We perform research on biomedical applications of cellulose, and research on developing cellulose-based structures where stem cells can grow and form new tissue","og_url":"https:\/\/rise-pfi.no\/no\/om-oss\/baerekraft\/god-helse-og-livskvalitet\/","og_site_name":"RISE PFI AS","article_modified_time":"2022-12-02T08:10:42+00:00","twitter_card":"summary_large_image","twitter_misc":{"Ansl. lesetid":"3 minutter"},"schema":{"@context":"https:\/\/schema.org","@graph":[{"@type":"WebPage","@id":"https:\/\/rise-pfi.no\/about-us\/sustainability\/good-health-and-well-being\/","url":"https:\/\/rise-pfi.no\/about-us\/sustainability\/good-health-and-well-being\/","name":"God helse og livskvalitet - RISE PFI AS","isPartOf":{"@id":"https:\/\/rise-pfi.no\/en\/#website"},"datePublished":"2022-01-12T09:11:35+00:00","dateModified":"2022-12-02T08:10:42+00:00","description":"Vi forsker p\u00e5 biomedisinske anvendelser av cellulose. Vi forsker ogs\u00e5 p\u00e5 utvikling av cellulosebaserte strukturer (scaffolds) der stamceller kan vokse og danne nytt vev.","breadcrumb":{"@id":"https:\/\/rise-pfi.no\/about-us\/sustainability\/good-health-and-well-being\/#breadcrumb"},"inLanguage":"nb-NO","potentialAction":[{"@type":"ReadAction","target":["https:\/\/rise-pfi.no\/about-us\/sustainability\/good-health-and-well-being\/"]}]},{"@type":"BreadcrumbList","@id":"https:\/\/rise-pfi.no\/about-us\/sustainability\/good-health-and-well-being\/#breadcrumb","itemListElement":[{"@type":"ListItem","position":1,"name":"RISE PFI","item":"https:\/\/rise-pfi.no\/en\/"},{"@type":"ListItem","position":2,"name":"About us","item":"https:\/\/rise-pfi.no\/about-us\/"},{"@type":"ListItem","position":3,"name":"Sustainability","item":"https:\/\/rise-pfi.no\/about-us\/sustainability\/"},{"@type":"ListItem","position":4,"name":"Good health and well-being"}]},{"@type":"WebSite","@id":"https:\/\/rise-pfi.no\/en\/#website","url":"https:\/\/rise-pfi.no\/en\/","name":"RISE PFI AS","description":"Vi utvikler nye og b\u00e6rekraftige produkter og l\u00f8sninger for fremtidens biobaserte samfunn","publisher":{"@id":"https:\/\/rise-pfi.no\/en\/#organization"},"potentialAction":[{"@type":"SearchAction","target":{"@type":"EntryPoint","urlTemplate":"https:\/\/rise-pfi.no\/en\/?s={search_term_string}"},"query-input":{"@type":"PropertyValueSpecification","valueRequired":true,"valueName":"search_term_string"}}],"inLanguage":"nb-NO"},{"@type":"Organization","@id":"https:\/\/rise-pfi.no\/en\/#organization","name":"RISE PFI AS","url":"https:\/\/rise-pfi.no\/en\/","logo":{"@type":"ImageObject","inLanguage":"nb-NO","@id":"https:\/\/rise-pfi.no\/en\/#\/schema\/logo\/image\/","url":"https:\/\/rise-pfi.no\/wp-content\/uploads\/2020\/10\/cropped-Logo-nettstedikon.png","contentUrl":"https:\/\/rise-pfi.no\/wp-content\/uploads\/2020\/10\/cropped-Logo-nettstedikon.png","width":512,"height":512,"caption":"RISE PFI AS"},"image":{"@id":"https:\/\/rise-pfi.no\/en\/#\/schema\/logo\/image\/"},"sameAs":["https:\/\/www.linkedin.com\/company\/18494360"]}]}},"_links":{"self":[{"href":"https:\/\/rise-pfi.no\/no\/wp-json\/wp\/v2\/pages\/6717","targetHints":{"allow":["GET"]}}],"collection":[{"href":"https:\/\/rise-pfi.no\/no\/wp-json\/wp\/v2\/pages"}],"about":[{"href":"https:\/\/rise-pfi.no\/no\/wp-json\/wp\/v2\/types\/page"}],"author":[{"embeddable":true,"href":"https:\/\/rise-pfi.no\/no\/wp-json\/wp\/v2\/users\/1"}],"replies":[{"embeddable":true,"href":"https:\/\/rise-pfi.no\/no\/wp-json\/wp\/v2\/comments?post=6717"}],"version-history":[{"count":48,"href":"https:\/\/rise-pfi.no\/no\/wp-json\/wp\/v2\/pages\/6717\/revisions"}],"predecessor-version":[{"id":9812,"href":"https:\/\/rise-pfi.no\/no\/wp-json\/wp\/v2\/pages\/6717\/revisions\/9812"}],"up":[{"embeddable":true,"href":"https:\/\/rise-pfi.no\/no\/wp-json\/wp\/v2\/pages\/6686"}],"wp:attachment":[{"href":"https:\/\/rise-pfi.no\/no\/wp-json\/wp\/v2\/media?parent=6717"}],"curies":[{"name":"wp","href":"https:\/\/api.w.org\/{rel}","templated":true}]}}